{"id":2,"date":"2024-12-26T15:18:53","date_gmt":"2024-12-26T14:18:53","guid":{"rendered":"http:\/\/ma-structure.com\/?page_id=2"},"modified":"2025-02-20T12:34:59","modified_gmt":"2025-02-20T11:34:59","slug":"accueil","status":"publish","type":"page","link":"https:\/\/ma-structure.com\/","title":{"rendered":"Accueil"},"content":{"rendered":"\n<figure class=\"wp-block-image size-large\"><img loading=\"lazy\" decoding=\"async\" width=\"1024\" height=\"747\" src=\"https:\/\/ma-structure.com\/wp-content\/uploads\/2025\/02\/page_accueil_struc-1024x747.webp\" alt=\"M.A.Structure\" class=\"wp-image-140\" srcset=\"https:\/\/ma-structure.com\/wp-content\/uploads\/2025\/02\/page_accueil_struc-1024x747.webp 1024w, https:\/\/ma-structure.com\/wp-content\/uploads\/2025\/02\/page_accueil_struc-300x219.webp 300w, https:\/\/ma-structure.com\/wp-content\/uploads\/2025\/02\/page_accueil_struc-768x560.webp 768w, https:\/\/ma-structure.com\/wp-content\/uploads\/2025\/02\/page_accueil_struc.webp 1038w\" sizes=\"auto, (max-width: 1024px) 100vw, 1024px\" \/><\/figure>\n\n\n\n<div style=\"height:2em\" aria-hidden=\"true\" class=\"wp-block-spacer\"><\/div>\n\n\n\n<div class=\"wp-block-group has-global-padding is-layout-constrained wp-container-core-group-is-layout-e15fb87c wp-block-group-is-layout-constrained\" style=\"padding-right:1em;padding-left:1em\">\n<p class=\"has-text-align-center has-x-large-font-size\"><strong>M.A. STRUCTURE<\/strong><\/p>\n\n\n\n<p class=\"has-text-align-center has-large-font-size\"><strong>Expertise et proximit\u00e9 au service de tous vos projets<\/strong><\/p>\n\n\n\n<div style=\"height:3em\" aria-hidden=\"true\" class=\"wp-block-spacer\"><\/div>\n\n\n\n<h3 class=\"wp-block-heading\"><strong>Qui sommes-nous ?<\/strong><\/h3>\n\n\n\n<div style=\"height:2vh\" aria-hidden=\"true\" class=\"wp-block-spacer\"><\/div>\n\n\n\n<p>M.A. STRUCTURE est un bureau d&rsquo;\u00e9tudes \u00e0 taille humaine sp\u00e9cialis\u00e9 dans <strong>la conception, l&rsquo;analyse<\/strong> et <strong>l&rsquo;optimisation<\/strong> des structures.<br>Nous sommes une \u00e9quipe \u00e0 taille humaine \ud83d\udc65, situ\u00e9e \u00e0 Schweighouse sur Moder, pr\u00e8s de Haguenau, dans le Nord du Bas-Rhin.<\/p>\n\n\n\n<p style=\"margin-bottom:var(--wp--preset--spacing--30)\"><br>Nous offrons<strong> une expertise technique de proximit\u00e9<\/strong>\ud83d\udee0\ufe0f, avec <strong>un accompagnement personnalis\u00e9<\/strong>\ud83e\udd1d. Gr\u00e2ce \u00e0 notre <strong>adaptabilit\u00e9 et r\u00e9activit\u00e9<\/strong>, nous r\u00e9pondons aux besoins sp\u00e9cifiques de chaque client, que ce soit pour des <strong>projets neufs<\/strong> ou des <strong>ouvrages existants<\/strong>, de <strong>tous types<\/strong>.<\/p>\n\n\n\n<div class=\"wp-block-group wp-container-content-9cfa9a5a is-layout-grid wp-container-core-group-is-layout-478b6e6b wp-block-group-is-layout-grid\">\n<div class=\"wp-block-buttons has-custom-font-size has-small-font-size wp-container-content-9cfa9a5a is-content-justification-center is-layout-flex wp-container-core-buttons-is-layout-c124d1c4 wp-block-buttons-is-layout-flex\">\n<div class=\"wp-block-button has-custom-width wp-block-button__width-100 is-style-outline is-style-outline--1\"><a class=\"wp-block-button__link has-border-color wp-element-button\" style=\"border-color:#00778d;border-width:3px;border-radius:15px;padding-top:27px;padding-right:0;padding-bottom:27px;padding-left:0\"> Bureaux \ud83c\udfec<\/a><\/div>\n<\/div>\n\n\n\n<div class=\"wp-block-buttons has-custom-font-size has-small-font-size wp-container-content-9cfa9a5a is-content-justification-center is-layout-flex wp-container-core-buttons-is-layout-c124d1c4 wp-block-buttons-is-layout-flex\">\n<div class=\"wp-block-button has-custom-width wp-block-button__width-100 is-style-outline is-style-outline--2\"><a class=\"wp-block-button__link has-border-color wp-element-button\" style=\"border-color:#00778d;border-width:3px;border-radius:15px;padding-top:27px;padding-bottom:27px\">Maisons individuelles\ud83c\udfe0<\/a><\/div>\n<\/div>\n\n\n\n<div class=\"wp-block-buttons has-custom-font-size has-small-font-size wp-container-content-9cfa9a5a is-content-justification-center is-layout-flex wp-container-core-buttons-is-layout-c124d1c4 wp-block-buttons-is-layout-flex\">\n<div class=\"wp-block-button has-custom-width wp-block-button__width-100 is-style-outline is-style-outline--3\"><a class=\"wp-block-button__link has-border-color wp-element-button\" style=\"border-color:#00778d;border-style:solid;border-width:3px;border-radius:15px;padding-top:27px;padding-bottom:27px\">Collectifs\ud83c\udfe2<\/a><\/div>\n<\/div>\n<\/div>\n\n\n\n<div class=\"wp-block-group is-layout-grid wp-container-core-group-is-layout-b757edec wp-block-group-is-layout-grid\">\n<div class=\"wp-block-buttons is-layout-flex wp-block-buttons-is-layout-flex\">\n<div class=\"wp-block-button has-custom-width wp-block-button__width-100 is-style-outline is-style-outline--5\"><a class=\"wp-block-button__link has-border-color wp-element-button\" style=\"border-color:#00778d;border-width:3px;border-radius:15px;padding-top:27px;padding-bottom:27px\">Tertiaires\ud83c\udfe3<\/a><\/div>\n<\/div>\n\n\n\n<div class=\"wp-block-buttons is-layout-flex wp-block-buttons-is-layout-flex\">\n<div class=\"wp-block-button has-custom-width wp-block-button__width-100 is-style-outline is-style-outline--6\"><a class=\"wp-block-button__link has-border-color wp-element-button\" style=\"border-color:#00778d;border-width:3px;border-radius:15px;padding-top:27px;padding-bottom:27px\">Industriels\ud83c\udfed<\/a><\/div>\n<\/div>\n<\/div>\n\n\n\n<figure class=\"wp-block-image aligncenter size-medium is-resized\"><img loading=\"lazy\" decoding=\"async\" width=\"300\" height=\"170\" src=\"https:\/\/ma-structure.com\/wp-content\/uploads\/2025\/02\/logo_mastruct_bleu-300x170.webp\" alt=\"logo bleu\" class=\"wp-image-203\" style=\"width:279px;height:auto\" srcset=\"https:\/\/ma-structure.com\/wp-content\/uploads\/2025\/02\/logo_mastruct_bleu-300x170.webp 300w, https:\/\/ma-structure.com\/wp-content\/uploads\/2025\/02\/logo_mastruct_bleu.webp 606w\" sizes=\"auto, (max-width: 300px) 100vw, 300px\" \/><\/figure>\n\n\n\n<p style=\"margin-top:var(--wp--preset--spacing--30);margin-bottom:var(--wp--preset--spacing--30)\">Nous intervenons aussi bien au service des <strong>particuliers<\/strong>, des <strong>professionnels de la<br>construction <\/strong>et <strong>de l&rsquo;immobilier<\/strong>, que des <strong>collectivit\u00e9s<\/strong>.<\/p>\n\n\n\n<div class=\"wp-block-group is-layout-grid wp-container-core-group-is-layout-b757edec wp-block-group-is-layout-grid\">\n<div class=\"wp-block-buttons is-layout-flex wp-block-buttons-is-layout-flex\">\n<div class=\"wp-block-button has-custom-width wp-block-button__width-100 is-style-outline is-style-outline--7\"><a class=\"wp-block-button__link has-border-color wp-element-button\" style=\"border-color:#00778d;border-width:3px;border-radius:15px;padding-top:var(--wp--preset--spacing--30);padding-bottom:var(--wp--preset--spacing--30)\">Particuliers<\/a><\/div>\n<\/div>\n\n\n\n<div class=\"wp-block-buttons is-layout-flex wp-block-buttons-is-layout-flex\">\n<div class=\"wp-block-button has-custom-width wp-block-button__width-100 is-style-outline is-style-outline--8\"><a class=\"wp-block-button__link has-border-color wp-element-button\" style=\"border-color:#00778d;border-width:3px;border-radius:15px;padding-top:4px;padding-bottom:4px\">Professionnels de<br>la construction et<br>de l\u2019immobilier\ud83c\udfd8\ufe0f<\/a><\/div>\n<\/div>\n<\/div>\n\n\n\n<div class=\"wp-block-group is-layout-grid wp-container-core-group-is-layout-b757edec wp-block-group-is-layout-grid\">\n<div class=\"wp-block-buttons is-layout-flex wp-block-buttons-is-layout-flex\">\n<div class=\"wp-block-button has-custom-width wp-block-button__width-100 is-style-outline is-style-outline--9\"><a class=\"wp-block-button__link has-border-color wp-element-button\" style=\"border-color:#00778d;border-width:3px;border-radius:15px;padding-top:var(--wp--preset--spacing--30);padding-bottom:var(--wp--preset--spacing--30)\">Collectivit\u00e9s\ud83c\udfdb\ufe0f<\/a><\/div>\n<\/div>\n\n\n\n<ul class=\"wp-block-list\">\n<li>Maitres d\u2019\u0153uvres<\/li>\n\n\n\n<li>Architectes<\/li>\n\n\n\n<li>Promoteurs immobiliers<\/li>\n\n\n\n<li>Entreprises de gros \u0153uvre<\/li>\n\n\n\n<li>Syndics de copropri\u00e9t\u00e9<\/li>\n<\/ul>\n<\/div>\n\n\n\n<div style=\"height:49px\" aria-hidden=\"true\" class=\"wp-block-spacer\"><\/div>\n\n\n\n<h3 class=\"wp-block-heading\" id=\"missions\"><strong>Nos missions<\/strong><\/h3>\n\n\n\n<div style=\"height:2em\" aria-hidden=\"true\" class=\"wp-block-spacer\"><\/div>\n\n\n\n<p class=\"has-text-align-left\">Sp\u00e9cialis\u00e9 dans l&rsquo;<strong>ing\u00e9nierie du b\u00e2timent<\/strong>, le bureau d\u2019\u00e9tudes M.A. STRUCTURE met son savoir-faire au service de vos projets. Du diagnostic \u00e0 la r\u00e9alisation des plans d\u2019ex\u00e9cution, nous vous assurons une <strong>conception optimale<\/strong>\u26a1, adapt\u00e9e \u00e0 vos besoins et <strong>respectueuse des normes<\/strong> en vigueur.<\/p>\n\n\n\n<div style=\"height:2em\" aria-hidden=\"true\" class=\"wp-block-spacer\"><\/div>\n\n\n\n<div class=\"wp-block-group is-layout-grid wp-container-core-group-is-layout-b757edec wp-block-group-is-layout-grid\">\n<p class=\"has-text-align-center has-text-color has-link-color wp-elements-f6e8661f3c3f3eef426bf4afd0fefed9 wp-container-content-5e2576f9\" style=\"color:#00778d\"><strong>Diagnostic structurel<\/strong><\/p>\n\n\n\n<p class=\"has-text-align-center has-text-color has-link-color wp-elements-d87974e083c406d89cc6817553930abc\" style=\"color:#00778d\"><strong>Conseil et expertise<\/strong><\/p>\n\n\n\n<p class=\"has-text-align-center has-text-color has-link-color wp-elements-86c2cfa2e8229712895bbacae41d4454 wp-container-content-5e2576f9\" style=\"color:#00778d\"><strong>\u00c9tudes de conception<br>(maitrise d\u2019\u0153uvre)<\/strong><\/p>\n\n\n\n<p class=\"has-text-align-center has-text-color has-link-color wp-elements-aa1f4ffd8c16a3cded5a78b9534b2acd\" style=\"color:#00778d\"><strong>\u00c9tudes de charpente<br>m\u00e9tallique \/ bois<\/strong><br><\/p>\n\n\n\n<div class=\"wp-block-group is-vertical is-content-justification-center is-layout-flex wp-container-core-group-is-layout-ce155fab wp-block-group-is-layout-flex\">\n<p class=\"has-text-color has-link-color wp-elements-f70fbfe621890305eb49b9d1fb71c506\" style=\"color:#00778d\"><strong>\u00c9conomie de la construction<\/strong><\/p>\n\n\n\n<p class=\"has-text-color has-link-color wp-elements-f492f716c747abb9eb4a0e968452942f\" style=\"color:#00778d\"><strong>\u00c9tudes d&rsquo;ex\u00e9cution<\/strong><\/p>\n<\/div>\n\n\n\n<div class=\"wp-block-group is-vertical is-content-justification-center is-layout-flex wp-container-core-group-is-layout-ce155fab wp-block-group-is-layout-flex\">\n<p class=\"has-text-align-center has-text-color has-link-color wp-elements-fb10be26bec7d22d57c83da26b3bdbac\" style=\"color:#00778d\"><strong>\u00c9tudes techniques sur mesure<\/strong><\/p>\n\n\n\n<ul class=\"wp-block-list\">\n<li>Ouverture de mur porteur<\/li>\n\n\n\n<li>Cr\u00e9ation de tr\u00e9mie<\/li>\n\n\n\n<li>\u00c9tude parasismique<\/li>\n\n\n\n<li>Reprise en sous-\u0153uvre<\/li>\n\n\n\n<li>Dimensionnement et ferraillage d&rsquo;\u00e9l\u00e9ments de structure<\/li>\n<\/ul>\n<\/div>\n<\/div>\n\n\n\n<figure class=\"wp-block-pullquote\" style=\"padding-top:var(--wp--preset--spacing--30);padding-bottom:var(--wp--preset--spacing--30)\"><blockquote><p>M.A. STRUCTURE, le choix d\u2019une ing\u00e9nierie locale, experte et proche de ses clients, pour des projets r\u00e9ussis !<\/p><\/blockquote><\/figure>\n<\/div>\n","protected":false},"excerpt":{"rendered":"<p>M.A. STRUCTURE Expertise et proximit\u00e9 au service de tous vos projets Qui sommes-nous ? M.A. STRUCTURE est un bureau d&rsquo;\u00e9tudes \u00e0 taille humaine sp\u00e9cialis\u00e9 dans la conception, l&rsquo;analyse et l&rsquo;optimisation des structures.Nous sommes une \u00e9quipe \u00e0 taille humaine \ud83d\udc65, situ\u00e9e \u00e0 Schweighouse sur Moder, pr\u00e8s de Haguenau, dans le Nord du Bas-Rhin. Nous offrons une [&hellip;]<\/p>\n","protected":false},"author":1,"featured_media":0,"parent":0,"menu_order":0,"comment_status":"closed","ping_status":"closed","template":"","meta":{"footnotes":""},"class_list":["post-2","page","type-page","status-publish","hentry"],"_links":{"self":[{"href":"https:\/\/ma-structure.com\/index.php\/wp-json\/wp\/v2\/pages\/2","targetHints":{"allow":["GET"]}}],"collection":[{"href":"https:\/\/ma-structure.com\/index.php\/wp-json\/wp\/v2\/pages"}],"about":[{"href":"https:\/\/ma-structure.com\/index.php\/wp-json\/wp\/v2\/types\/page"}],"author":[{"embeddable":true,"href":"https:\/\/ma-structure.com\/index.php\/wp-json\/wp\/v2\/users\/1"}],"replies":[{"embeddable":true,"href":"https:\/\/ma-structure.com\/index.php\/wp-json\/wp\/v2\/comments?post=2"}],"version-history":[{"count":138,"href":"https:\/\/ma-structure.com\/index.php\/wp-json\/wp\/v2\/pages\/2\/revisions"}],"predecessor-version":[{"id":438,"href":"https:\/\/ma-structure.com\/index.php\/wp-json\/wp\/v2\/pages\/2\/revisions\/438"}],"wp:attachment":[{"href":"https:\/\/ma-structure.com\/index.php\/wp-json\/wp\/v2\/media?parent=2"}],"curies":[{"name":"wp","href":"https:\/\/api.w.org\/{rel}","templated":true}]}}