{"id":358,"date":"2025-02-07T18:40:51","date_gmt":"2025-02-07T17:40:51","guid":{"rendered":"https:\/\/ma-structure.com\/?page_id=358"},"modified":"2025-02-24T09:26:35","modified_gmt":"2025-02-24T08:26:35","slug":"nos-missions","status":"publish","type":"page","link":"https:\/\/ma-structure.com\/index.php\/nos-missions\/","title":{"rendered":"Nos missions"},"content":{"rendered":"\n<h2 class=\"wp-block-heading alignwide has-text-align-center\"><strong>M.A. STRUCTURE, <\/strong><br>votre bureau d\u2019\u00e9tudes de proximit\u00e9 \ud83c\udfe1<\/h2>\n\n\n\n<div style=\"height:3em\" aria-hidden=\"true\" class=\"wp-block-spacer\"><\/div>\n\n\n\n<div class=\"wp-block-media-text alignwide has-media-on-the-right is-stacked-on-mobile is-vertically-aligned-center is-style-default\" style=\"grid-template-columns:auto 56%\"><div class=\"wp-block-media-text__content\">\n<p><\/p>\n\n\n\n<p>Chez M.A. STRUCTURE \ud83c\udfd7\ufe0f, nous mettons \u00e0 votre disposition notre expertise et notre savoir-faire \ud83d\udd27 pour accompagner vos projets de construction, <strong>quelle que soit leur taille ou leur complexit\u00e9<\/strong>. De la conception \u00e0 la r\u00e9alisation, nous intervenons avec rigueur et pr\u00e9cision pour garantir des ouvrages fiables, durables et optimis\u00e9s \u267b\ufe0f.<\/p>\n\n\n\n<p class=\"has-text-align-left has-medium-font-size\">Notre bureau d\u2019\u00e9tudes est le <strong>partenaire id\u00e9al<\/strong> \ud83e\udd1d pour donner vie \u00e0 vos ambitions. Gr\u00e2ce \u00e0 une ma\u00eetrise technique \u00e9prouv\u00e9e et <strong>une approche sur mesure<\/strong>, nous r\u00e9pondons aux besoins sp\u00e9cifiques de projets vari\u00e9s, tout en pla\u00e7ant la qualit\u00e9 \u2728 et la performance \ud83d\udd0d au c\u0153ur de nos engagements.<\/p>\n\n\n\n<p><\/p>\n<\/div><figure class=\"wp-block-media-text__media\"><img loading=\"lazy\" decoding=\"async\" width=\"693\" height=\"459\" src=\"https:\/\/ma-structure.com\/wp-content\/uploads\/2025\/02\/page_misisions_struc.webp\" alt=\"\" class=\"wp-image-359 size-full\" srcset=\"https:\/\/ma-structure.com\/wp-content\/uploads\/2025\/02\/page_misisions_struc.webp 693w, https:\/\/ma-structure.com\/wp-content\/uploads\/2025\/02\/page_misisions_struc-300x199.webp 300w\" sizes=\"auto, (max-width: 693px) 100vw, 693px\" \/><\/figure><\/div>\n\n\n\n<div style=\"height:3em\" aria-hidden=\"true\" class=\"wp-block-spacer\"><\/div>\n\n\n\n<div class=\"wp-block-group has-global-padding is-layout-constrained wp-container-core-group-is-layout-410632eb wp-block-group-is-layout-constrained\" style=\"margin-top:0;padding-left:1em\">\n<h3 class=\"wp-block-heading\">Nos missions<\/h3>\n\n\n\n<div style=\"height:3em\" aria-hidden=\"true\" class=\"wp-block-spacer\"><\/div>\n\n\n\n<h4 class=\"wp-block-heading\">\ud83d\udee0\ufe0f Diagnostic structurel<\/h4>\n\n\n\n<ul class=\"wp-block-list\">\n<li>Apr\u00e8s sinistre (incendie, affaissement, effondrement partiel, \u2026)<\/li>\n\n\n\n<li>Avant transformation<\/li>\n\n\n\n<li>Apparition et\/ou aggravation de fissures<\/li>\n\n\n\n<li>Diagnostic solidit\u00e9<\/li>\n\n\n\n<li>D\u00e9termination de capacit\u00e9 portante (changement d&rsquo;exploitation)<\/li>\n<\/ul>\n\n\n\n<h4 class=\"wp-block-heading\"><br>\u26a1 \u00c9tudes de faisabilit\u00e9<\/h4>\n\n\n\n<ul class=\"wp-block-list\">\n<li>Analyse de validation de la faisabilit\u00e9 technique du projet<\/li>\n<\/ul>\n\n\n\n<div style=\"height:2em\" aria-hidden=\"true\" class=\"wp-block-spacer\"><\/div>\n\n\n\n<h4 class=\"wp-block-heading\">\ud83e\udd1d \u00c9tudes de conception (maitrise d&rsquo;\u0153uvre)<\/h4>\n\n\n\n<ul class=\"wp-block-list\">\n<li><strong>Phase d\u2019esquisse (ESQ)<\/strong> : V\u00e9rification de la faisabilit\u00e9 structure de l\u2019op\u00e9ration<\/li>\n\n\n\n<li><strong>Phase d\u2019avant-projet (APS, APD)<\/strong> : D\u00e9finition des principes structuraux, des mat\u00e9riaux et estimation du co\u00fbt des travaux<\/li>\n\n\n\n<li><strong>Phase projet (PRO)<\/strong> : Dimensionnement des \u00e9l\u00e9ments de structure (murs, poteaux, poutres, dalles) et des fondations<br>des ouvrages.<\/li>\n<\/ul>\n\n\n\n<div style=\"height:2em\" aria-hidden=\"true\" class=\"wp-block-spacer\"><\/div>\n\n\n\n<h4 class=\"wp-block-heading\">\ud83d\udcca \u00c9conomie de la construction<\/h4>\n\n\n\n<ul class=\"wp-block-list\">\n<li><strong>Consultation des entreprises (DCE)<\/strong> : R\u00e9daction de pi\u00e8ces \u00e9crites (CCTP + DPGF) des lots \u00ab Terrassements \u00bb et \u00ab Structure \u00bb (gros \u0153uvre, charpente m\u00e9tal\/bois), m\u00e9tr\u00e9s et estimations<\/li>\n\n\n\n<li><strong>Analyse des offres (ACT)<\/strong> : R\u00e9unions de n\u00e9gociation avec les entreprises<\/li>\n\n\n\n<li><strong>\u00c9tablissement du dossier march\u00e9<\/strong><\/li>\n<\/ul>\n\n\n\n<div style=\"height:2em\" aria-hidden=\"true\" class=\"wp-block-spacer\"><\/div>\n\n\n\n<h4 class=\"wp-block-heading\">\ud83d\udcd0 \u00c9tudes d&rsquo;ex\u00e9cution<\/h4>\n\n\n\n<ul class=\"wp-block-list\">\n<li><strong>Plans de coffrage et de ferraillage<\/strong><\/li>\n\n\n\n<li><strong>Listes de fers<\/strong><\/li>\n\n\n\n<li><strong>Plans d\u2019Atelier Chantier (PAC)<\/strong><\/li>\n\n\n\n<li><strong>Dossier des Ouvrages Ex\u00e9cut\u00e9s (DOE)<\/strong><\/li>\n<\/ul>\n\n\n\n<div style=\"height:2em\" aria-hidden=\"true\" class=\"wp-block-spacer\"><\/div>\n\n\n\n<h4 class=\"wp-block-heading\"><br>\ud83c\udfd7\ufe0f \u00c9tude en phase travaux<\/h4>\n\n\n\n<ul class=\"wp-block-list\">\n<li><strong>Visites sur site<\/strong> pour v\u00e9rification du respect des plans et de la conformit\u00e9 des travaux<\/li>\n\n\n\n<li><strong>Rapports de visites<\/strong> pour permettre \u00e0 l\u2019architecte d\u2019\u00e9tablir l\u2019attestation, \u00e0 l\u2019ach\u00e8vement des travaux, du respect des r\u00e8gles relatives aux risques sismiques<\/li>\n\n\n\n<li><strong>Mission VISA<\/strong> des plans et notes de calculs r\u00e9alis\u00e9s par le BE d\u2019ex\u00e9cution<\/li>\n<\/ul>\n\n\n\n<div style=\"height:2em\" aria-hidden=\"true\" class=\"wp-block-spacer\"><\/div>\n\n\n\n<h4 class=\"wp-block-heading\"><br>\ud83d\udd27 Conseil et expertise<\/h4>\n\n\n\n<ul class=\"wp-block-list\">\n<li><strong>R\u00e9solution de probl\u00e8mes techniques<\/strong><\/li>\n\n\n\n<li><strong>Optimisation structurelle (co\u00fbts, d\u00e9lais, m\u00e9thodologie)<\/strong><\/li>\n\n\n\n<li><strong>Participation aux Assembl\u00e9es G\u00e9n\u00e9rales des copropri\u00e9t\u00e9s<\/strong><\/li>\n<\/ul>\n\n\n\n<div style=\"height:36px\" aria-hidden=\"true\" class=\"wp-block-spacer\"><\/div>\n\n\n\n<h4 class=\"wp-block-heading\"><br>\ud83d\udd29 \u00c9tude de charpente m\u00e9tallique<\/h4>\n\n\n\n<ul class=\"wp-block-list\">\n<li><strong>Pr\u00e9dimensionnement<\/strong><\/li>\n\n\n\n<li><strong>Descente de charges<\/strong><\/li>\n\n\n\n<li><strong>V\u00e9rification de structures existantes<\/strong><\/li>\n<\/ul>\n\n\n\n<div style=\"height:2em\" aria-hidden=\"true\" class=\"wp-block-spacer\"><\/div>\n\n\n\n<h4 class=\"wp-block-heading\"><br>\ud83c\udf33 \u00c9tude de charpente bois<\/h4>\n\n\n\n<ul class=\"wp-block-list\">\n<li><strong>Pr\u00e9dimensionnement<\/strong><\/li>\n\n\n\n<li><strong>Descente de charges<\/strong><\/li>\n\n\n\n<li><strong>V\u00e9rification de structures existantes<\/strong><\/li>\n<\/ul>\n\n\n\n<div style=\"height:3em\" aria-hidden=\"true\" class=\"wp-block-spacer\"><\/div>\n\n\n\n<h3 class=\"wp-block-heading\">\u00c9tudes techniques sur-mesure<\/h3>\n\n\n\n<p class=\"has-text-color has-link-color wp-elements-52075ca0c799ade499e14d864776368a\" style=\"color:#00778d\">Ouverture de mur porteur<br>Cr\u00e9ation de tr\u00e9mie dans un plancher<br>\u00c9tude parasismique<br>Renforcement de structures existantes<br>Reprise en sous-\u0153uvre<br>\u00c9tude de principe de ferraillage<br>Dimensionnement et ferraillage d\u2019\u00e9l\u00e9ments de structure<\/p>\n\n\n\n<ul class=\"wp-block-list\">\n<li>Poutres et sur poutres<\/li>\n\n\n\n<li>Dalles en porte-\u00e0-faux<\/li>\n\n\n\n<li>Fondations<\/li>\n\n\n\n<li>Ouvrages de sout\u00e8nement<\/li>\n<\/ul>\n\n\n\n<div style=\"height:2em\" aria-hidden=\"true\" class=\"wp-block-spacer\"><\/div>\n<\/div>\n\n\n\n<figure class=\"wp-block-pullquote\"><blockquote><p><br>Avec <strong>M.A. STRUCTURE<\/strong>, vous b\u00e9n\u00e9ficiez d\u2019un accompagnement global et personnalis\u00e9 bas\u00e9 sur la rigueur, l\u2019innovation et l\u2019excellence technique. Ensemble, b\u00e2tissons l\u2019avenir !<\/p><\/blockquote><\/figure>\n","protected":false},"excerpt":{"rendered":"<p>M.A. STRUCTURE, votre bureau d\u2019\u00e9tudes de proximit\u00e9 \ud83c\udfe1 Chez M.A. STRUCTURE \ud83c\udfd7\ufe0f, nous mettons \u00e0 votre disposition notre expertise et notre savoir-faire \ud83d\udd27 pour accompagner vos projets de construction, quelle que soit leur taille ou leur complexit\u00e9. De la conception \u00e0 la r\u00e9alisation, nous intervenons avec rigueur et pr\u00e9cision pour garantir des ouvrages fiables, durables [&hellip;]<\/p>\n","protected":false},"author":1,"featured_media":0,"parent":0,"menu_order":0,"comment_status":"closed","ping_status":"closed","template":"","meta":{"footnotes":""},"class_list":["post-358","page","type-page","status-publish","hentry"],"_links":{"self":[{"href":"https:\/\/ma-structure.com\/index.php\/wp-json\/wp\/v2\/pages\/358","targetHints":{"allow":["GET"]}}],"collection":[{"href":"https:\/\/ma-structure.com\/index.php\/wp-json\/wp\/v2\/pages"}],"about":[{"href":"https:\/\/ma-structure.com\/index.php\/wp-json\/wp\/v2\/types\/page"}],"author":[{"embeddable":true,"href":"https:\/\/ma-structure.com\/index.php\/wp-json\/wp\/v2\/users\/1"}],"replies":[{"embeddable":true,"href":"https:\/\/ma-structure.com\/index.php\/wp-json\/wp\/v2\/comments?post=358"}],"version-history":[{"count":19,"href":"https:\/\/ma-structure.com\/index.php\/wp-json\/wp\/v2\/pages\/358\/revisions"}],"predecessor-version":[{"id":451,"href":"https:\/\/ma-structure.com\/index.php\/wp-json\/wp\/v2\/pages\/358\/revisions\/451"}],"wp:attachment":[{"href":"https:\/\/ma-structure.com\/index.php\/wp-json\/wp\/v2\/media?parent=358"}],"curies":[{"name":"wp","href":"https:\/\/api.w.org\/{rel}","templated":true}]}}